{"id":11440,"date":"2019-08-13T20:28:13","date_gmt":"2019-08-14T00:28:13","guid":{"rendered":"https:\/\/www.customedhealing.com\/?page_id=11440"},"modified":"2019-09-11T11:25:44","modified_gmt":"2019-09-11T15:25:44","slug":"current-job-posting","status":"publish","type":"page","link":"https:\/\/www.customedhealing.com\/es\/current-job-posting\/","title":{"rendered":"Publicaci\u00f3n de Trabajo Actual"},"content":{"rendered":"<h2>Especialista en Productos para el Cuidado de Heridas<\/h2>\n<p><\/p>\n<p>\nPuerto Rico Hospital Supply est\u00e1 buscando una persona sobresaliente para unirse a nuestro equipo como: ESPECIALISTA EN PRODUCTOS DE CUIDADO DE HERIDAS.\n<\/p>\n<p>\n<strong>Descripci\u00f3n del Trabajo<\/strong>\n<\/p>\n<p>\nEl objetivo principal del especialista en cuidado de heridas es convertirse en la persona de referencia para que nuestros clientes soliciten orientaci\u00f3n cl\u00ednica.\n<\/p>\n<ol>\n<li>Promover y comercializar el cuidado de heridas y productos relacionados.<\/li>\n<li>Brindar apoyo cl\u00ednico a los representantes de ventas, incluidas las \u00e1reas cl\u00ednicas que visitan.<\/li>\n<li>Asistir en la recopilaci\u00f3n de datos del mercado.<\/li>\n<li>Participa en convenciones para promocionar productos.<\/li>\n<li>Proporcionar orientaci\u00f3n al cliente en an\u00e1lisis de costos, eficiencia del producto y alternativas disponibles.<\/li>\n<li>Proporcionar capacitaci\u00f3n y demostraciones en reuniones de ventas mensuales.<\/li>\n<li>Prepare cotizaciones para clientes y haga un seguimiento.<\/li>\n<li>Mantenerse actualizado sobre el crecimiento y desarrollo de nuevas tecnolog\u00edas en las l\u00edneas de productos representadas.<\/li>\n<\/ol>\n<p>\n<strong>Requisitos<\/strong>\n<\/p>\n<ul>\n<li>Licenciatura en salud o campo relacionado con negocios.<\/li>\n<li>WOCN licencia preferida.<\/li>\n<li>1 a 3 a\u00f1os de experiencia en el mercado relacionado.<\/li>\n<li>Conocimiento y exposici\u00f3n del mercado local.<\/li>\n<li>Excelentes comunicaciones y habilidades interpersonales.<\/li>\n<li>Completamente bilingue; ingl\u00e9s y espa\u00f1ol.<\/li>\n<li>Competente en habilidades inform\u00e1ticas (Microsoft Office).<\/li>\n<li>Capacidad para trabajar bajo supervisi\u00f3n m\u00ednima.<\/li>\n<li>Buen razonamiento anal\u00edtico y habilidades de negociaci\u00f3n.<\/li>\n<li>Emprendedor, creativo y orientado al cliente \/ equipo.<\/li>\n<li>Dispuesto a viajar.<\/li>\n<\/ul>\n<p>\nOfrecemos un atractivo paquete de compensaci\u00f3n y beneficios complementarios junto con comisiones sobre l\u00edneas de productos exclusivas.\n<\/p>\n<p>\nSolo los candidatos calificados env\u00edan su curr\u00edculum a: <a href=\"mailto:humanresources@prhospital.com\">humanresources@prhospital.com<\/a> o<br \/>\nFAX: (787) 622-5193\n<\/p>\n<p>\n\u201cSomos un empleador que ofrece igualdad de oportunidades de empleo y tomamos medidas afirmativas para reclutar mujeres, veteranos protegidos e individuos con discapacidades.\u201d<\/p>\n","protected":false},"excerpt":{"rendered":"<p>Especialista en Productos para el Cuidado de Heridas Puerto Rico Hospital Supply est\u00e1 buscando una persona sobresaliente para unirse a nuestro equipo como: ESPECIALISTA EN PRODUCTOS DE CUIDADO DE HERIDAS. Descripci\u00f3n del Trabajo El objetivo principal del especialista en cuidado de heridas es convertirse en la persona de referencia para que nuestros clientes soliciten orientaci\u00f3n [&hellip;]<\/p>\n","protected":false},"author":1,"featured_media":0,"parent":0,"menu_order":0,"comment_status":"closed","ping_status":"closed","template":"","meta":[],"_links":{"self":[{"href":"https:\/\/www.customedhealing.com\/es\/wp-json\/wp\/v2\/pages\/11440\/"}],"collection":[{"href":"https:\/\/www.customedhealing.com\/es\/wp-json\/wp\/v2\/pages\/"}],"about":[{"href":"https:\/\/www.customedhealing.com\/es\/wp-json\/wp\/v2\/types\/page\/"}],"author":[{"embeddable":true,"href":"https:\/\/www.customedhealing.com\/es\/wp-json\/wp\/v2\/users\/1\/"}],"replies":[{"embeddable":true,"href":"https:\/\/www.customedhealing.com\/es\/wp-json\/wp\/v2\/comments\/?post=11440"}],"version-history":[{"count":0,"href":"https:\/\/www.customedhealing.com\/es\/wp-json\/wp\/v2\/pages\/11440\/revisions\/"}],"wp:attachment":[{"href":"https:\/\/www.customedhealing.com\/es\/wp-json\/wp\/v2\/media\/?parent=11440"}],"curies":[{"name":"wp","href":"https:\/\/api.w.org\/{rel}","templated":true}]}}