{"id":8806,"date":"2017-07-03T17:31:40","date_gmt":"2017-07-03T21:31:40","guid":{"rendered":"https:\/\/www.customedhealing.com\/?page_id=8806\/"},"modified":"2019-09-11T11:27:43","modified_gmt":"2019-09-11T15:27:43","slug":"home","status":"publish","type":"page","link":"https:\/\/www.customedhealing.com\/es\/home\/","title":{"rendered":"Portada"},"content":{"rendered":"<div id=\"home-top\">\n<h1 class=\"home-heading\">Nuestro Cat\u00e1logo en L\u00ednea!<\/h1>\n<h5 class=\"home-subhead\">Busque en nuestra cartera de productos para Puerto Rico Hospital Supply &amp; Customed<\/h5>\n<div class=\"catalog-btn-container\"><a class=\"catalog-btn\" href=\"https:\/\/www.customedhealing.com\/es\/catalogar\/\">VER CAT\u00c1LOGO AHORA \u00bb<\/a><\/div>\n<p><img class=\"home-feature\" src=\"\/wp-content\/images\/home-feature-photo.jpg\" alt=\"\" \/><\/p>\n<\/div>\n<p><!-- end #home-top> --><\/p>\n<div id=\"home-promo-row\">\n<div class=\"home-promo\">\n<h3>Alianzas Estrat\u00e9gicas<\/h3>\n<p>En nuestra b\u00fasqueda para convertirnos en un socio preferido de nuestros clientes, hemos establecido alianzas con l\u00edderes del mercado en sus respectivos campos. <\/p>\n<div class=\"learn-more-btn\"><a href=\"https:\/\/www.customedhealing.com\/es\/alianzas-estrategicas\/\">M\u00e1s informaci\u00f3n<\/a> \u00bb<\/div>\n<\/div>\n<div class=\"home-promo\">\n<h3>\u00bfNuevo en PUERTO RICO HOSPITAL &amp; CUSTOMED?<\/h3>\n<p>Configure una cuenta de cr\u00e9dito con nosotros utilizando nuestro formulario de cr\u00e9dito para nuevas cuentas. Todos los formularios cumplimentados pueden ser enviados por correo electr\u00f3nico a <a href=\"mailto:credito@prhospital.com\">credit@prhospital.com<\/a> o por fax. 787-622-5154.<\/p>\n<div class=\"learn-more-btn\"><a href=\"\/wp-content\/pdfs\/SOLICITUD_DE_CREDITO_PRHSESP.pdf\" target=\"new\" rel=\"noopener noreferrer\">Solicitud de cr\u00e9dito<\/a> \u00bb<\/div>\n<\/div>\n<div class=\"home-promo\">\n<h3>Queremos Conocerte<\/h3>\n<p>Llene este breve formulario para ayudarnos a entender mejor sus necesidades.<\/p>\n<div class=\"learn-more-btn\"><a href=\"https:\/\/www.customedhealing.com\/es\/queremos-conocerte\/\">M\u00e1s informaci\u00f3n<\/a> \u00bb<\/div>\n<\/div>\n<\/div>\n<p><!-- end #home-promo-row --><br \/>\n<!--\n\n\n<div style=\"clear: both;\"><\/div>\n\n\n\n\n<div id=\"home-img-promo-row\">\n\n\n<div class=\"home-new-products\">\n\n\n<h2>New Products<\/h2>\n\n\n<a class=\"order-now-btn\" href=\"\/?cat_ID=160&catalog=pr\">View now<\/a>\n\n\n<div class=\"learn-more-btn\"><a href=\"\/?cat_ID=160&catalog=pr\">Learn more<\/a> \u00bb<\/div>\n\n\n<\/div>\n\n\n\n\n<div class=\"home-special-offers\">\n\n\n<h2>Special Offers<\/h2>\n\n\n<a class=\"order-now-btn\" href=\"https:\/\/www.customedhealing.com\/es\/category\/products\/new-products-es\/?catalog=pr\">View now<\/a>\n\n\n<div class=\"learn-more-btn\"><a href=\"https:\/\/www.customedhealing.com\/es\/category\/products\/new-products-es\/?catalog=pr\">Learn more<\/a> \u00bb<\/div>\n\n\n<\/div>\n\n\n<\/div>\n\n\n--><br \/>\n<!-- end #home-img-promo-row --><\/p>\n<div style=\"clear: both; margin-bottom: 40px;\"><\/div>\n<p><!-- new product VIDEO --><\/p>\n<h1 style=\"text-align: center;\">Nuevo Producto<\/h1>\n<h2 style=\"text-align: center;\">Customed Nueva Funda de Empaque<\/h2>\n<div class=\"video-container\" style=\"max-width: 480px; height: auto; padding-bottom: 20px; margin: 0 auto;\"><video style=\"width: 100%; height: auto;\" poster=\"https:\/\/www.customedhealing.com\/wp-content\/media\/home-espanol.jpg\" preload=\"metadata\" controls=\"controls\" width=\"300\" height=\"150\"><source src=\"\/wp-content\/media\/home-espanol.mp4\" type=\"video\/mp4\" \/><source src=\"\/wp-content\/media\/home-espanol.webm\" type=\"video\/webm\" \/><source src=\"\/wp-content\/media\/home-espanol.ogv\" type=\"video\/ogg\" \/><object width=\"480\" height=\"270\"><param name=\"movie\" value=\"http:\/\/fpdownload.adobe.com\/strobe\/FlashMediaPlayback.swf\" \/><param name=\"flashvars\" value=\"src=https:\/\/www.customedhealing.com\/wp-content\/media\/home-espanol.mp4&amp;poster=https:\/\/www.customedhealing.com\/wp-content\/media\/home-espanol.jpg\" \/><param name=\"allowFullScreen\" value=\"true\" \/><param name=\"allowscriptaccess\" value=\"always\" \/><embed src=\"http:\/\/fpdownload.adobe.com\/strobe\/FlashMediaPlayback.swf\" type=\"application\/x-shockwave-flash\" allowscriptaccess=\"always\" allowfullscreen=\"allowfullscreen\" width=\"480\" height=\"270\" flashvars=\"src=https:\/\/www.customedhealing.com\/wp-content\/media\/home-espanol.mp4&amp;poster=https:\/\/www.customedhealing.com\/wp-content\/media\/home-espanol.jpg\" \/><\/object><\/video><\/div>\n","protected":false},"excerpt":{"rendered":"<p>Nuestro Cat\u00e1logo en L\u00ednea! Busque en nuestra cartera de productos para Puerto Rico Hospital Supply &amp; Customed VER CAT\u00c1LOGO AHORA \u00bb Alianzas Estrat\u00e9gicas En nuestra b\u00fasqueda para convertirnos en un socio preferido de nuestros clientes, hemos establecido alianzas con l\u00edderes del mercado en sus respectivos campos. M\u00e1s informaci\u00f3n \u00bb \u00bfNuevo en PUERTO RICO HOSPITAL &amp; [&hellip;]<\/p>\n","protected":false},"author":1,"featured_media":0,"parent":0,"menu_order":0,"comment_status":"closed","ping_status":"closed","template":"","meta":[],"_links":{"self":[{"href":"https:\/\/www.customedhealing.com\/es\/wp-json\/wp\/v2\/pages\/8806\/"}],"collection":[{"href":"https:\/\/www.customedhealing.com\/es\/wp-json\/wp\/v2\/pages\/"}],"about":[{"href":"https:\/\/www.customedhealing.com\/es\/wp-json\/wp\/v2\/types\/page\/"}],"author":[{"embeddable":true,"href":"https:\/\/www.customedhealing.com\/es\/wp-json\/wp\/v2\/users\/1\/"}],"replies":[{"embeddable":true,"href":"https:\/\/www.customedhealing.com\/es\/wp-json\/wp\/v2\/comments\/?post=8806"}],"version-history":[{"count":0,"href":"https:\/\/www.customedhealing.com\/es\/wp-json\/wp\/v2\/pages\/8806\/revisions\/"}],"wp:attachment":[{"href":"https:\/\/www.customedhealing.com\/es\/wp-json\/wp\/v2\/media\/?parent=8806"}],"curies":[{"name":"wp","href":"https:\/\/api.w.org\/{rel}","templated":true}]}}