{"id":8816,"date":"2017-07-03T18:44:46","date_gmt":"2017-07-03T22:44:46","guid":{"rendered":"https:\/\/www.customedhealing.com\/?page_id=8816\/"},"modified":"2017-08-31T13:55:36","modified_gmt":"2017-08-31T17:55:36","slug":"servicios","status":"publish","type":"page","link":"https:\/\/www.customedhealing.com\/es\/servicios\/","title":{"rendered":"Servicios"},"content":{"rendered":"<div id=\"services-container\">\n<div class=\"services-box\">\n<h2>Personalizado para<br \/>\nServirte<\/h2>\n<p><img src=\"\/wp-content\/images\/icon-customize.png\" \/><\/p>\n<p>En Puerto Rico Hospital Supply &amp; Customed hacemos todo lo posible para proporcionarle suministros espec\u00edficamente ordenados con su negocio en mente. Obtenga m\u00e1s informaci\u00f3n sobre c\u00f3mo podemos asistir a su negocio.<\/p>\n<div class=\"learn-more-btn\"><a href=\"https:\/\/www.customedhealing.com\/es\/sobre-nosotros\/\">M\u00e1s informaci\u00f3n<\/a> \u00bb<\/div>\n<\/div>\n<p><!-- end .services-box --><\/p>\n<div class=\"services-box\">\n<h2>Donde quiera que<br \/>\nNecesita Suministros<\/h2>\n<p><img src=\"\/wp-content\/images\/icon-wherever.png\" \/><\/p>\n<p>Suministramos todo, excepto medicamentos: suministros quir\u00fargicos, camas y muebles, equipos de monitoreo, m\u00e1quinas de radiolog\u00eda de alta tecnolog\u00eda, suministros de mantenimiento de baja tecnolog\u00eda. Usted lo nombra, nosotros lo suministramos.<\/p>\n<\/div>\n<p><!-- end .services-box --><\/p>\n<div class=\"services-box\">\n<h2>Nuestro Cat\u00e1logo<\/h2>\n<p><img src=\"\/wp-content\/images\/icon-catalog.png\" \/><\/p>\n<p>Echa un vistazo a nuestra incre\u00edble gama de productos para su negocio m\u00e9dico.<\/p>\n<div class=\"learn-more-btn\"><a href=\"https:\/\/www.customedhealing.com\/es\/catalogar\/\">Ver cat\u00e1logo<\/a> \u00bb<\/div>\n<\/div>\n<p><!-- end .services-box --><\/p>\n<div class=\"services-box\">\n<h2>Nuestras facilidades<\/h2>\n<p><img src=\"\/wp-content\/images\/icon-facilities.png\" \/><\/p>\n<p>Nuestras instalaciones de distribuci\u00f3n en Puerto Rico est\u00e1n siempre llenas de las marcas globales l\u00edderes y probadas que sus pacientes requieren.<\/p>\n<\/div>\n<p><!-- end .services-box --><\/p>\n<\/div>\n<p><!-- end #services-container --><\/p>\n","protected":false},"excerpt":{"rendered":"<p>Personalizado para Servirte En Puerto Rico Hospital Supply &amp; Customed hacemos todo lo posible para proporcionarle suministros espec\u00edficamente ordenados con su negocio en mente. Obtenga m\u00e1s informaci\u00f3n sobre c\u00f3mo podemos asistir a su negocio. M\u00e1s informaci\u00f3n \u00bb Donde quiera que Necesita Suministros Suministramos todo, excepto medicamentos: suministros quir\u00fargicos, camas y muebles, equipos de monitoreo, m\u00e1quinas [&hellip;]<\/p>\n","protected":false},"author":1,"featured_media":0,"parent":0,"menu_order":0,"comment_status":"closed","ping_status":"closed","template":"","meta":[],"_links":{"self":[{"href":"https:\/\/www.customedhealing.com\/es\/wp-json\/wp\/v2\/pages\/8816\/"}],"collection":[{"href":"https:\/\/www.customedhealing.com\/es\/wp-json\/wp\/v2\/pages\/"}],"about":[{"href":"https:\/\/www.customedhealing.com\/es\/wp-json\/wp\/v2\/types\/page\/"}],"author":[{"embeddable":true,"href":"https:\/\/www.customedhealing.com\/es\/wp-json\/wp\/v2\/users\/1\/"}],"replies":[{"embeddable":true,"href":"https:\/\/www.customedhealing.com\/es\/wp-json\/wp\/v2\/comments\/?post=8816"}],"version-history":[{"count":0,"href":"https:\/\/www.customedhealing.com\/es\/wp-json\/wp\/v2\/pages\/8816\/revisions\/"}],"wp:attachment":[{"href":"https:\/\/www.customedhealing.com\/es\/wp-json\/wp\/v2\/media\/?parent=8816"}],"curies":[{"name":"wp","href":"https:\/\/api.w.org\/{rel}","templated":true}]}}