{"id":8818,"date":"2017-07-03T18:45:28","date_gmt":"2017-07-03T22:45:28","guid":{"rendered":"https:\/\/www.customedhealing.com\/?page_id=8818\/"},"modified":"2017-08-31T14:04:33","modified_gmt":"2017-08-31T18:04:33","slug":"logistica","status":"publish","type":"page","link":"https:\/\/www.customedhealing.com\/es\/logistica\/","title":{"rendered":"Log\u00edstica"},"content":{"rendered":"<h2>Listo para Enviar a Cualquier Parte del Caribe y Centroam\u00e9rica<\/h2>\n<p>La eficiencia funciona a trav\u00e9s de todo lo que hacemos. No s\u00f3lo usted ahorra tiempo y dinero al usar sus paquetes personalizados. Ahorramos tiempo y dinero al hacer y entregarlos, lo que se traduce en precios m\u00e1s competitivos de la cadena de suministro y valor para usted.<\/p>\n<p>Lo llamamos Deliver Green, porque la log\u00edstica es la log\u00edstica verde. Cuanto m\u00e1s ahorramos en nuestros empaques, menos impacto tenemos en los preciosos recursos naturales utilizados para fabricar cajas, pl\u00e1stico, tinta, cinta adhesiva, etiquetas y otros componentes de empaque. Cuanto m\u00e1s consolidamos nuestros env\u00edos para reducir los viajes de carga de camiones y de larga distancia, menos emisiones de CO2. Nuestro equipo de log\u00edstica est\u00e1 siempre en alerta, buscando maneras de hacer el proceso a\u00fan m\u00e1s eficiente, manteniendo nuestros costos y nuestro impacto ambiental tan bajos como sea posible.<\/p>\n<p>Sanar pacientes. Sanar el planeta. De esto es lo que se trata.<\/p>\n<div id=\"logistics-container\">\n<div class=\"logistics-box\">\n<p><img src=\"\/wp-content\/images\/icon-dock.png\" \/><\/p>\n<h2>Zona de<br \/>\nMuelle<\/h2>\n<\/div>\n<div class=\"logistics-box\">\n<p><img src=\"\/wp-content\/images\/icon-department.png\" \/><\/p>\n<h2>\u00c1rea del Departamento<\/h2>\n<\/div>\n<div class=\"logistics-box\">\n<p><img src=\"\/wp-content\/images\/icon-stock-away.png\" \/><\/p>\n<h2>\u00c1rea de<br \/>\nAlmacenaje<\/h2>\n<\/div>\n<\/div>\n<p><!-- end #services-container --><\/p>\n","protected":false},"excerpt":{"rendered":"<p>Listo para Enviar a Cualquier Parte del Caribe y Centroam\u00e9rica La eficiencia funciona a trav\u00e9s de todo lo que hacemos. No s\u00f3lo usted ahorra tiempo y dinero al usar sus paquetes personalizados. Ahorramos tiempo y dinero al hacer y entregarlos, lo que se traduce en precios m\u00e1s competitivos de la cadena de suministro y valor [&hellip;]<\/p>\n","protected":false},"author":1,"featured_media":0,"parent":0,"menu_order":0,"comment_status":"closed","ping_status":"closed","template":"","meta":[],"_links":{"self":[{"href":"https:\/\/www.customedhealing.com\/es\/wp-json\/wp\/v2\/pages\/8818\/"}],"collection":[{"href":"https:\/\/www.customedhealing.com\/es\/wp-json\/wp\/v2\/pages\/"}],"about":[{"href":"https:\/\/www.customedhealing.com\/es\/wp-json\/wp\/v2\/types\/page\/"}],"author":[{"embeddable":true,"href":"https:\/\/www.customedhealing.com\/es\/wp-json\/wp\/v2\/users\/1\/"}],"replies":[{"embeddable":true,"href":"https:\/\/www.customedhealing.com\/es\/wp-json\/wp\/v2\/comments\/?post=8818"}],"version-history":[{"count":0,"href":"https:\/\/www.customedhealing.com\/es\/wp-json\/wp\/v2\/pages\/8818\/revisions\/"}],"wp:attachment":[{"href":"https:\/\/www.customedhealing.com\/es\/wp-json\/wp\/v2\/media\/?parent=8818"}],"curies":[{"name":"wp","href":"https:\/\/api.w.org\/{rel}","templated":true}]}}