{"id":8824,"date":"2017-07-03T18:48:03","date_gmt":"2017-07-03T22:48:03","guid":{"rendered":"https:\/\/www.customedhealing.com\/?page_id=8824\/"},"modified":"2019-08-29T18:08:43","modified_gmt":"2019-08-29T22:08:43","slug":"carreras","status":"publish","type":"page","link":"https:\/\/www.customedhealing.com\/es\/carreras\/","title":{"rendered":"Carreras"},"content":{"rendered":"<h2>Estamos Construyendo una Compa\u00f1\u00eda para el Futuro<\/h2>\n<p><img loading=\"lazy\" id=\"careers-img\" class=\"alignright size-full wp-image-151\" src=\"\/wp-content\/images\/photo-careers.jpg\" alt=\"photo-careers\" width=\"265\" height=\"186\" \/>Producto \u00fanico, alcance global, alta tecnolog\u00eda, parte de una de las industrias de m\u00e1s r\u00e1pido crecimiento en el mundo (cuidado de la salud), log\u00edstica y operaciones verdes, pensamiento de vanguardia y con prop\u00f3sito.<\/p>\n<p>En un aspecto, ya hemos construido una empresa para apreciar. Es nuestra cultura y sentido del equipo. Estamos muy contentos de cumplir con la misi\u00f3n que compartimos: ayudar a nuestros clientes a cuidar a sus pacientes y saber que s\u00f3lo podemos hacerlo trabajando juntos.<\/p>\n<p>Ser parte de Puerto Rico Hospital Supply &amp; Customed es ser parte de un proyecto m\u00e1s grande que usted, y eso nos impulsa a sobresalir y mejorar la misi\u00f3n, la experiencia y nuestro rendimiento a\u00fan m\u00e1s. Todos los d\u00edas.<\/p>\n<p>Si te gusta como suena y crees que puedes contribuir a nuestro crecimiento global, nos encantar\u00eda ser parte de la tuya. Por favor, env\u00edenos su curriculum vitae y carta de presentaci\u00f3n, y vamos a ponernos en contacto.<\/p>\n<div style=\"background:#eee; padding:30px; margin-bottom:20px;\">\n<h3>Ofertas de Trabajo Actuales<\/h3>\n<ul>\n<li style=\"font-weight:bold;\"><a href=\"https:\/\/www.customedhealing.com\/es\/current-job-posting\/\">Especialista en Productos para el Cuidado de Heridas<\/a><\/li>\n<\/ul>\n<\/div>\n<h3>\u00bfQuiere trabajar con nosotros?<\/h3>\n<p>Por favor complete este formulario. Proporcione su informaci\u00f3n b\u00e1sica y le contactaremos cuando una oportunidad de empleo est\u00e9 disponible.<\/p>\n<div role=\"form\" class=\"wpcf7\" id=\"wpcf7-f8961-o1\" lang=\"en-US\" dir=\"ltr\">\n<div class=\"screen-reader-response\"><p role=\"status\" aria-live=\"polite\" aria-atomic=\"true\"><\/p> <ul><\/ul><\/div>\n<form action=\"\/es\/wp-json\/wp\/v2\/pages\/8824\/#wpcf7-f8961-o1\" method=\"post\" class=\"wpcf7-form init\" enctype=\"multipart\/form-data\" novalidate=\"novalidate\" data-status=\"init\">\n<div style=\"display: none;\">\n<input type=\"hidden\" name=\"_wpcf7\" value=\"8961\" \/>\n<input type=\"hidden\" name=\"_wpcf7_version\" value=\"5.4.2\" \/>\n<input type=\"hidden\" name=\"_wpcf7_locale\" value=\"en_US\" \/>\n<input type=\"hidden\" name=\"_wpcf7_unit_tag\" value=\"wpcf7-f8961-o1\" \/>\n<input type=\"hidden\" name=\"_wpcf7_container_post\" value=\"0\" \/>\n<input type=\"hidden\" name=\"_wpcf7_posted_data_hash\" value=\"\" \/>\n<\/div>\n<div class=\"prh-forms\">\n<p><span class=\"reqd\">*<\/span> necesario<\/p>\n<p><span class=\"reqd\">*<\/span> <strong>Nombre de pila<\/strong><br \/>\n<span class=\"wpcf7-form-control-wrap text-234\"><input type=\"text\" name=\"text-234\" value=\"\" size=\"40\" class=\"wpcf7-form-control wpcf7-text wpcf7-validates-as-required\" aria-required=\"true\" aria-invalid=\"false\" \/><\/span><\/p>\n<p><span class=\"reqd\">*<\/span> <strong>Apellido<\/strong><br \/>\n<span class=\"wpcf7-form-control-wrap text-826\"><input type=\"text\" name=\"text-826\" value=\"\" size=\"40\" class=\"wpcf7-form-control wpcf7-text wpcf7-validates-as-required\" aria-required=\"true\" aria-invalid=\"false\" \/><\/span><\/p>\n<p><span class=\"reqd\">*<\/span> <strong>Email<\/strong><br \/>\n<span class=\"wpcf7-form-control-wrap email-683\"><input type=\"email\" name=\"email-683\" value=\"\" size=\"40\" class=\"wpcf7-form-control wpcf7-text wpcf7-email wpcf7-validates-as-required wpcf7-validates-as-email\" aria-required=\"true\" aria-invalid=\"false\" \/><\/span><\/p>\n<p><span class=\"reqd\">*<\/span> <strong>Tel\u00e9fono<\/strong><br \/>\n<span class=\"wpcf7-form-control-wrap tel-166\"><input type=\"tel\" name=\"tel-166\" value=\"\" size=\"40\" class=\"wpcf7-form-control wpcf7-text wpcf7-tel wpcf7-validates-as-required wpcf7-validates-as-tel\" aria-required=\"true\" aria-invalid=\"false\" \/><\/span><\/p>\n<p><span class=\"reqd\">*<\/span> <strong>Resum\u00e9<\/strong> <span class=\"wpcf7-form-control-wrap file-973\"><input type=\"file\" name=\"file-973\" size=\"40\" class=\"wpcf7-form-control wpcf7-file wpcf7-validates-as-required\" accept=\".pdf,.txt\" aria-required=\"true\" aria-invalid=\"false\" \/><\/span><br \/>\n<span class=\"small\">(.PDF o .TXT solamente, 2 MB m\u00e1x)<\/span><\/p>\n<p><strong>Comentarios<\/strong><br \/>\n<span class=\"wpcf7-form-control-wrap textarea-252\"><textarea name=\"textarea-252\" cols=\"40\" rows=\"10\" class=\"wpcf7-form-control wpcf7-textarea\" aria-invalid=\"false\"><\/textarea><\/span><\/p>\n<p><input type=\"submit\" value=\"Enviar\" class=\"wpcf7-form-control wpcf7-submit\" \/>\n<\/p><\/div>\n<div class=\"wpcf7-response-output\" aria-hidden=\"true\"><\/div><\/form><\/div>\n","protected":false},"excerpt":{"rendered":"<p>Estamos Construyendo una Compa\u00f1\u00eda para el Futuro Producto \u00fanico, alcance global, alta tecnolog\u00eda, parte de una de las industrias de m\u00e1s r\u00e1pido crecimiento en el mundo (cuidado de la salud), log\u00edstica y operaciones verdes, pensamiento de vanguardia y con prop\u00f3sito. En un aspecto, ya hemos construido una empresa para apreciar. Es nuestra cultura y sentido [&hellip;]<\/p>\n","protected":false},"author":1,"featured_media":0,"parent":0,"menu_order":0,"comment_status":"closed","ping_status":"closed","template":"","meta":[],"_links":{"self":[{"href":"https:\/\/www.customedhealing.com\/es\/wp-json\/wp\/v2\/pages\/8824\/"}],"collection":[{"href":"https:\/\/www.customedhealing.com\/es\/wp-json\/wp\/v2\/pages\/"}],"about":[{"href":"https:\/\/www.customedhealing.com\/es\/wp-json\/wp\/v2\/types\/page\/"}],"author":[{"embeddable":true,"href":"https:\/\/www.customedhealing.com\/es\/wp-json\/wp\/v2\/users\/1\/"}],"replies":[{"embeddable":true,"href":"https:\/\/www.customedhealing.com\/es\/wp-json\/wp\/v2\/comments\/?post=8824"}],"version-history":[{"count":0,"href":"https:\/\/www.customedhealing.com\/es\/wp-json\/wp\/v2\/pages\/8824\/revisions\/"}],"wp:attachment":[{"href":"https:\/\/www.customedhealing.com\/es\/wp-json\/wp\/v2\/media\/?parent=8824"}],"curies":[{"name":"wp","href":"https:\/\/api.w.org\/{rel}","templated":true}]}}