{"id":8826,"date":"2017-07-03T18:48:49","date_gmt":"2017-07-03T22:48:49","guid":{"rendered":"https:\/\/www.customedhealing.com\/?page_id=8826\/"},"modified":"2017-09-13T17:36:09","modified_gmt":"2017-09-13T21:36:09","slug":"sobre-nosotros","status":"publish","type":"page","link":"https:\/\/www.customedhealing.com\/es\/sobre-nosotros\/","title":{"rendered":"Conozca Sobre Nosotros"},"content":{"rendered":"<h2>Nuestra Historia<\/h2>\n<div class=\"video-container\" style=\"max-width: 480px; height: auto; padding-bottom: 20px;\"><video style=\"width: 100%; height: auto;\" poster=\"https:\/\/www.customedhealing.com\/wp-content\/media\/about-PRHS.jpg\" preload=\"metadata\" controls=\"controls\" width=\"300\" height=\"150\" data-mce-fragment=\"1\"><source src=\"\/wp-content\/media\/about-PRHS.mp4\" type=\"video\/mp4\" \/><source src=\"\/wp-content\/media\/about-PRHS.webm\" type=\"video\/webm\" \/><source src=\"\/wp-content\/media\/about-PRHS.ogv\" type=\"video\/ogg\" \/><object width=\"480\" height=\"270\"><param name=\"movie\" value=\"http:\/\/fpdownload.adobe.com\/strobe\/FlashMediaPlayback.swf\" \/><param name=\"flashvars\" value=\"src=https:\/\/www.customedhealing.com\/wp-content\/media\/about-PRHS.mp4&amp;poster=https:\/\/www.customedhealing.com\/wp-content\/media\/about-PRHS.jpg\" \/><param name=\"allowFullScreen\" value=\"true\" \/><param name=\"allowscriptaccess\" value=\"always\" \/><embed src=\"http:\/\/fpdownload.adobe.com\/strobe\/FlashMediaPlayback.swf\" type=\"application\/x-shockwave-flash\" allowscriptaccess=\"always\" allowfullscreen=\"allowfullscreen\" width=\"480\" height=\"270\" flashvars=\"src=https:\/\/www.customedhealing.com\/wp-content\/media\/about-PRHS.mp4&amp;poster=https:\/\/www.customedhealing.com\/wp-content\/media\/about-PRHS.jpg\" \/><\/object><\/video><\/div>\n<h2 style=\"padding-bottom: 10px;\">Si es manufacturero o representa una marca de suministros m\u00e9dicos<\/h2>\n<p><img loading=\"lazy\" id=\"about-img\" class=\"alignleft size-full wp-image-94\" src=\"https:\/\/www.customedhealing.com\/wp-content\/images\/photo-about.jpg\" alt=\"Photo of Customed Offices\" width=\"265\" height=\"173\" \/>Como l\u00edder en suministros m\u00e9dicos, distribuimos a pr\u00e1cticamente todos los hospitales y miles de consultorios m\u00e9dicos, hospicios, laboratorios, centros de radiolog\u00eda, farmacias y otros centros de salud. Distribuimos una amplia gama de productos, todo menos los medicamentos.<\/p>\n<p>Nuestra divisi\u00f3n Customed es el principal proveedor de paquetes, kits y bandejas personalizados de la Isla y est\u00e1 expandiendo r\u00e1pidamente su distribuci\u00f3n global. Al hacernos su distribuidor preferido, su producto puede venderse no s\u00f3lo como un suministro individual, sino tambi\u00e9n como un componente de la amplia variedad de paquetes que montamos y fabricamos para proveedores en Puerto Rico y en todo el mundo.<\/p>\n<p>Contamos con un gran equipo dedicado a asegurar que los proveedores siempre tengan su producto en stock. No s\u00f3lo esta fiabilidad hace una diferencia en la percepci\u00f3n de su marca y servicio, pero lo m\u00e1s importante es que puede hacer una diferencia en la prestaci\u00f3n de la atenci\u00f3n y el tratamiento que los pacientes necesitan.<\/p>\n<h4>Requisitos de Calidad para Suplidores<\/h4>\n<p>Elementos clave de nuestros requisitos de calidad para suplidores est\u00e1n incluidos en el documento\u00a0<a href=\"\/wp-content\/pdfs\/Customed_Supplier_Quality_Requirements.pdf\" target=\"_blank\" rel=\"noopener\">Customed Requisitos de Calidad de Proveedores Personalizados<\/a>. Esperamos que nuestros proveedores lean y entiendan completamente estos elementos.<\/p>\n","protected":false},"excerpt":{"rendered":"<p>Nuestra Historia Si es manufacturero o representa una marca de suministros m\u00e9dicos Como l\u00edder en suministros m\u00e9dicos, distribuimos a pr\u00e1cticamente todos los hospitales y miles de consultorios m\u00e9dicos, hospicios, laboratorios, centros de radiolog\u00eda, farmacias y otros centros de salud. Distribuimos una amplia gama de productos, todo menos los medicamentos. Nuestra divisi\u00f3n Customed es el principal [&hellip;]<\/p>\n","protected":false},"author":1,"featured_media":0,"parent":0,"menu_order":0,"comment_status":"closed","ping_status":"closed","template":"","meta":[],"_links":{"self":[{"href":"https:\/\/www.customedhealing.com\/es\/wp-json\/wp\/v2\/pages\/8826\/"}],"collection":[{"href":"https:\/\/www.customedhealing.com\/es\/wp-json\/wp\/v2\/pages\/"}],"about":[{"href":"https:\/\/www.customedhealing.com\/es\/wp-json\/wp\/v2\/types\/page\/"}],"author":[{"embeddable":true,"href":"https:\/\/www.customedhealing.com\/es\/wp-json\/wp\/v2\/users\/1\/"}],"replies":[{"embeddable":true,"href":"https:\/\/www.customedhealing.com\/es\/wp-json\/wp\/v2\/comments\/?post=8826"}],"version-history":[{"count":0,"href":"https:\/\/www.customedhealing.com\/es\/wp-json\/wp\/v2\/pages\/8826\/revisions\/"}],"wp:attachment":[{"href":"https:\/\/www.customedhealing.com\/es\/wp-json\/wp\/v2\/media\/?parent=8826"}],"curies":[{"name":"wp","href":"https:\/\/api.w.org\/{rel}","templated":true}]}}