{"id":8828,"date":"2017-07-03T18:49:28","date_gmt":"2017-07-03T22:49:28","guid":{"rendered":"https:\/\/www.customedhealing.com\/?page_id=8828\/"},"modified":"2017-12-08T16:19:40","modified_gmt":"2017-12-08T20:19:40","slug":"descargas","status":"publish","type":"page","link":"https:\/\/www.customedhealing.com\/es\/descargas\/","title":{"rendered":"Descargas"},"content":{"rendered":"<p>Tenemos una amplia gama de productos disponibles para satisfacer sus necesidades m\u00e9dicas. <span class=\"notranslate\">Por favor, seleccione un cat\u00e1logo de su elecci\u00f3n en la lista a continuaci\u00f3n para descargar una versi\u00f3n PDF para su referencia.<\/span><\/p>\n<p><a href=\"https:\/\/get.adobe.com\/reader\/\" target=\"new\"><img class=\"download-reader\" src=\"\/wp-content\/images\/icon-download-reader.png\" alt=\"Descargar Adobe Reader\" \/><\/a><\/p>\n<div style=\"clear: both;\"><\/div>\n<div id=\"download-container\">\n<div class=\"download-box\"><img src=\"\/wp-content\/images\/icon-pdf.png\" alt=\"Descargue el PDF\" \/><br \/>\n<a href=\"\/wp-content\/pdfs\/Biopsy_Needle_Catalog.pdf\" target=\"new\">Agujas de Biopsia<\/a><\/div>\n<div class=\"download-box\"><img src=\"\/wp-content\/images\/icon-pdf.png\" alt=\"Descargue el PDF\" \/><br \/>\n<a href=\"\/wp-content\/pdfs\/Glove_Catalog.pdf\" target=\"new\">Guantes<\/a><\/div>\n<div class=\"download-box\"><img src=\"\/wp-content\/images\/icon-pdf.png\" alt=\"Descargue el PDF\" \/><br \/>\n<a href=\"\/wp-content\/pdfs\/Glove_Flyer.pdf\" target=\"new\">Guantes Especificaciones Flyer<\/a><\/div>\n<div class=\"download-box\"><img src=\"\/wp-content\/images\/icon-pdf.png\" alt=\"Descargue el PDF\" \/><br \/>\n<a href=\"\/wp-content\/pdfs\/Labor_Delivery_Product_Catalog.pdf\" target=\"new\">Productos para Parto y Ces\u00e5rea<\/a><\/div>\n<div class=\"download-box\"><img src=\"\/wp-content\/images\/icon-pdf.png\" alt=\"Descargue el PDF\" \/><br \/>\n<a href=\"\/wp-content\/pdfs\/Oral_Care_Catalog.pdf\" target=\"new\">Cuidado Bucal<\/a><\/div>\n<div class=\"download-box\"><img src=\"\/wp-content\/images\/icon-pdf.png\" alt=\"Descargue el PDF\" \/><br \/>\n<a href=\"\/wp-content\/pdfs\/Respiratory_Therapy_Catalog1.pdf\" target=\"new\">Terapia Respiratoria y Anestesia<\/a><\/div>\n<div class=\"download-box\"><img src=\"\/wp-content\/images\/icon-pdf.png\" alt=\"Descargue el PDF\" \/><br \/>\n<a href=\"\/wp-content\/pdfs\/Sterilization_Wrappers_Catalog_Revision.pdf\" target=\"new\">Envolturas de Esterilizaci\u00f3n<\/a><\/div>\n<\/div>\n<p><!-- end #download-container --><\/p>\n","protected":false},"excerpt":{"rendered":"<p>Tenemos una amplia gama de productos disponibles para satisfacer sus necesidades m\u00e9dicas. Por favor, seleccione un cat\u00e1logo de su elecci\u00f3n en la lista a continuaci\u00f3n para descargar una versi\u00f3n PDF para su referencia. Agujas de Biopsia Guantes Guantes Especificaciones Flyer Productos para Parto y Ces\u00e5rea Cuidado Bucal Terapia Respiratoria y Anestesia Envolturas de Esterilizaci\u00f3n<\/p>\n","protected":false},"author":1,"featured_media":0,"parent":0,"menu_order":0,"comment_status":"closed","ping_status":"closed","template":"","meta":[],"_links":{"self":[{"href":"https:\/\/www.customedhealing.com\/es\/wp-json\/wp\/v2\/pages\/8828\/"}],"collection":[{"href":"https:\/\/www.customedhealing.com\/es\/wp-json\/wp\/v2\/pages\/"}],"about":[{"href":"https:\/\/www.customedhealing.com\/es\/wp-json\/wp\/v2\/types\/page\/"}],"author":[{"embeddable":true,"href":"https:\/\/www.customedhealing.com\/es\/wp-json\/wp\/v2\/users\/1\/"}],"replies":[{"embeddable":true,"href":"https:\/\/www.customedhealing.com\/es\/wp-json\/wp\/v2\/comments\/?post=8828"}],"version-history":[{"count":0,"href":"https:\/\/www.customedhealing.com\/es\/wp-json\/wp\/v2\/pages\/8828\/revisions\/"}],"wp:attachment":[{"href":"https:\/\/www.customedhealing.com\/es\/wp-json\/wp\/v2\/media\/?parent=8828"}],"curies":[{"name":"wp","href":"https:\/\/api.w.org\/{rel}","templated":true}]}}