{"id":8830,"date":"2017-07-03T18:50:57","date_gmt":"2017-07-03T22:50:57","guid":{"rendered":"https:\/\/www.customedhealing.com\/?page_id=8830\/"},"modified":"2019-01-07T21:10:26","modified_gmt":"2019-01-08T01:10:26","slug":"contactenos","status":"publish","type":"page","link":"https:\/\/www.customedhealing.com\/es\/contactenos\/","title":{"rendered":"Cont\u00e1ctenos"},"content":{"rendered":"<div id=\"contact-box-container\">\n<div class=\"contact-box\">\n<h2>Folletos de Productos<\/h2>\n<div><img src=\"\/wp-content\/images\/icon-brochure.png\"><\/div>\n<p>Descargue PDFs de folletos de productos seleccionados para obtener m\u00e1s informaci\u00f3n sobre los productos espec\u00edficos que ofrecemos.<\/p>\n<div class=\"download-btn-container\" style=\"width:180px; margin:0 auto;\"><a class=\"download-btn\" href=\"https:\/\/www.customedhealing.com\/es\/descargas\/\">VER FOLLETOS \u00bb<\/a><\/div>\n<\/div>\n<div class=\"contact-box\">\n<h2>Hacer un Pedido<\/h2>\n<div><img src=\"\/wp-content\/images\/icon-order.png\"><\/div>\n<p>Para realizar un pedido, llame al +1 (800) 981-2679. Si a\u00fan no tiene una cuenta, estaremos encantados de crear una para usted. El horario de atenci\u00f3n es de lunes a viernes de 8:00 a.m. a 5:00 p.m. EST.<\/p>\n<\/div>\n<div class=\"contact-box\">\n<h2>L\u00ednea de Asistencia<\/h2>\n<div><img src=\"\/wp-content\/images\/icon-support.png\"><\/div>\n<p>Si necesita ayuda al realizar su pedido o tiene alguna pregunta adicional sobre nuestros productos, llame a nuestra l\u00ednea de asistencia al: <span class=\"phone-number\">+1 (800) 981-2679<\/span><\/p>\n<\/div>\n<\/div>\n<p><!-- end #contact-box-container --><\/p>\n<div id=\"clear\"><\/div>\n<div id=\"location-container\">\n<h2 class=\"locations-h2\">Ubicaciones<\/h2>\n<div class=\"location-box\">\n<h5>Puerto Rico Hospital Supply<\/h5>\n<p>(Carolina, Puerto Rico Ubicacion)<br \/>\n<iframe loading=\"lazy\" class=\"map_iframe\" src=\"https:\/\/maps.google.com\/maps\/ms?hl=en&amp;ie=UTF8&amp;msa=0&amp;msid=202879012021072762209.00049631a9c34cdd216bd&amp;source=embed&amp;t=h&amp;ll=18.383239,-65.976591&amp;spn=0.008145,0.010686&amp;output=embed\" width=\"300\" height=\"150\" frameborder=\"0\" marginwidth=\"0\" marginheight=\"0\" scrolling=\"no\"><\/iframe><\/p>\n<p>Rd. 860 Km .01<br \/>\nBo. Martin Gonzalez Carolina, P.R. 00987<br \/>\nToll Free<br \/>\n=1 (800) 981-4240<br \/>\nTel.: +1 (787) 622-5151<br \/>\ne.:&nbsp;<a href=\"mailto:customedservice@prhospital.com\">customerservice@prhospital.com<\/a><\/p>\n<\/div>\n<div class=\"location-box\">\n<h5>Customed<\/h5>\n<p>(Fajardo, Puerto Rico Ubicacion)<br \/>\n<iframe loading=\"lazy\" class=\"map_iframe\" src=\"https:\/\/maps.google.com\/maps\/ms?hl=en&amp;ie=UTF8&amp;msa=0&amp;msid=202879012021072762209.00049631bdf940be86636&amp;source=embed&amp;t=h&amp;ll=18.330085,-65.660863&amp;spn=0.008148,0.010729&amp;output=embed\" width=\"300\" height=\"150\" frameborder=\"0\" marginwidth=\"0\" marginheight=\"0\" scrolling=\"no\"><\/iframe><\/p>\n<p>Calle Igualdad #7 Fajardo, P.R. 00738<\/p>\n<\/div>\n<\/div>\n<p><!-- end #location-container --><\/p>\n","protected":false},"excerpt":{"rendered":"<p>Folletos de Productos Descargue PDFs de folletos de productos seleccionados para obtener m\u00e1s informaci\u00f3n sobre los productos espec\u00edficos que ofrecemos. VER FOLLETOS \u00bb Hacer un Pedido Para realizar un pedido, llame al +1 (800) 981-2679. Si a\u00fan no tiene una cuenta, estaremos encantados de crear una para usted. El horario de atenci\u00f3n es de lunes [&hellip;]<\/p>\n","protected":false},"author":1,"featured_media":0,"parent":0,"menu_order":0,"comment_status":"closed","ping_status":"closed","template":"","meta":[],"_links":{"self":[{"href":"https:\/\/www.customedhealing.com\/es\/wp-json\/wp\/v2\/pages\/8830\/"}],"collection":[{"href":"https:\/\/www.customedhealing.com\/es\/wp-json\/wp\/v2\/pages\/"}],"about":[{"href":"https:\/\/www.customedhealing.com\/es\/wp-json\/wp\/v2\/types\/page\/"}],"author":[{"embeddable":true,"href":"https:\/\/www.customedhealing.com\/es\/wp-json\/wp\/v2\/users\/1\/"}],"replies":[{"embeddable":true,"href":"https:\/\/www.customedhealing.com\/es\/wp-json\/wp\/v2\/comments\/?post=8830"}],"version-history":[{"count":0,"href":"https:\/\/www.customedhealing.com\/es\/wp-json\/wp\/v2\/pages\/8830\/revisions\/"}],"wp:attachment":[{"href":"https:\/\/www.customedhealing.com\/es\/wp-json\/wp\/v2\/media\/?parent=8830"}],"curies":[{"name":"wp","href":"https:\/\/api.w.org\/{rel}","templated":true}]}}