{"id":8833,"date":"2017-07-03T18:55:25","date_gmt":"2017-07-03T22:55:25","guid":{"rendered":"https:\/\/www.customedhealing.com\/?page_id=8833\/"},"modified":"2019-09-11T11:26:33","modified_gmt":"2019-09-11T15:26:33","slug":"alianzas-estrategicas","status":"publish","type":"page","link":"https:\/\/www.customedhealing.com\/es\/alianzas-estrategicas\/","title":{"rendered":"Alianzas Estrat\u00e9gicas"},"content":{"rendered":"<p>En nuestra b\u00fasqueda para convertirnos en un socio preferido de nuestros clientes, hemos establecido alianzas con l\u00edderes del mercado en sus respectivos campos.  Alianzas con l\u00edderes de mercado conocidos como Dell, nos permiten cubrir sus necesidades de centro de datos y comunicaci\u00f3n, tanto en sus altas necesidades de virtualizaci\u00f3n como en el punto de cuidado de sus pacientes. A medida que su negocio crezca, nuestra cartera de soluciones crecer\u00e1.<br \/>\n<!--div align=\"center\"><img src=\"\/wp-content\/images\/strategic-alliances.png\" \/--><\/div>\n","protected":false},"excerpt":{"rendered":"<p>En nuestra b\u00fasqueda para convertirnos en un socio preferido de nuestros clientes, hemos establecido alianzas con l\u00edderes del mercado en sus respectivos campos. Alianzas con l\u00edderes de mercado conocidos como Dell, nos permiten cubrir sus necesidades de centro de datos y comunicaci\u00f3n, tanto en sus altas necesidades de virtualizaci\u00f3n como en el punto de cuidado [&hellip;]<\/p>\n","protected":false},"author":1,"featured_media":0,"parent":0,"menu_order":0,"comment_status":"closed","ping_status":"closed","template":"","meta":[],"_links":{"self":[{"href":"https:\/\/www.customedhealing.com\/es\/wp-json\/wp\/v2\/pages\/8833\/"}],"collection":[{"href":"https:\/\/www.customedhealing.com\/es\/wp-json\/wp\/v2\/pages\/"}],"about":[{"href":"https:\/\/www.customedhealing.com\/es\/wp-json\/wp\/v2\/types\/page\/"}],"author":[{"embeddable":true,"href":"https:\/\/www.customedhealing.com\/es\/wp-json\/wp\/v2\/users\/1\/"}],"replies":[{"embeddable":true,"href":"https:\/\/www.customedhealing.com\/es\/wp-json\/wp\/v2\/comments\/?post=8833"}],"version-history":[{"count":0,"href":"https:\/\/www.customedhealing.com\/es\/wp-json\/wp\/v2\/pages\/8833\/revisions\/"}],"wp:attachment":[{"href":"https:\/\/www.customedhealing.com\/es\/wp-json\/wp\/v2\/media\/?parent=8833"}],"curies":[{"name":"wp","href":"https:\/\/api.w.org\/{rel}","templated":true}]}}